{"id":2628,"date":"2025-03-09T08:44:00","date_gmt":"2025-03-09T08:44:00","guid":{"rendered":"https:\/\/familienstellen-systemstellen-luzern.ch\/?page_id=2628"},"modified":"2025-03-12T08:15:37","modified_gmt":"2025-03-12T08:15:37","slug":"impressum","status":"publish","type":"page","link":"https:\/\/familienstellen-systemstellen-luzern.ch\/index.php\/impressum\/","title":{"rendered":"Impressum"},"content":{"rendered":"\t\t<div data-elementor-type=\"wp-page\" data-elementor-id=\"2628\" class=\"elementor elementor-2628\">\n\t\t\t\t\t\t<section class=\"elementor-section elementor-top-section elementor-element elementor-element-610fb20d elementor-section-boxed elementor-section-height-default elementor-section-height-default\" data-id=\"610fb20d\" data-element_type=\"section\" data-e-type=\"section\">\n\t\t\t\t\t\t<div class=\"elementor-container elementor-column-gap-default\">\n\t\t\t\t\t<div class=\"elementor-column elementor-col-100 elementor-top-column elementor-element elementor-element-6a583a0e\" data-id=\"6a583a0e\" data-element_type=\"column\" data-e-type=\"column\">\n\t\t\t<div class=\"elementor-widget-wrap elementor-element-populated\">\n\t\t\t\t\t\t<div class=\"elementor-element elementor-element-6eb080ac elementor-widget elementor-widget-text-editor\" data-id=\"6eb080ac\" data-element_type=\"widget\" data-e-type=\"widget\" data-widget_type=\"text-editor.default\">\n\t\t\t\t<div class=\"elementor-widget-container\">\n\t\t\t\t\t\t\t\t\t<h5><strong>Impressum<\/strong><\/h5>\n<p><strong>Kontaktadresse<\/strong><\/p>\n<p>Gemeinschaftspraxis Hirschengraben<\/p>\n<p>Nadja B\u00f6sch<\/p>\n<p>Hirschengraben 11<br>63003 Luzern<br>Schweiz<br>info@sunnenstrahl.ch<br>0797661888<\/p>\n<p><strong>Vertretungsberechtigte Personen<\/strong><\/p>\n<p>Nadja B\u00f6sch, Inhaberin<\/p>\n<p><strong>Haftungsausschluss<\/strong><\/p>\n<p>Die Autorin \u00fcbernimmt keinerlei Gew\u00e4hr hinsichtlich der inhaltlichen Richtigkeit, Genauigkeit, Aktualit\u00e4t, Zuverl\u00e4ssigkeit und Vollst\u00e4ndigkeit der Informationen. Haftungsanspr\u00fcche gegen die Autorin wegen Sch\u00e4den materieller oder immaterieller Art, welche aus dem Zugriff oder der Nutzung bzw. Nichtnutzung der ver\u00f6ffentlichten Informationen, durch Missbrauch der Verbindung oder durch technische St\u00f6rungen entstanden sind, werden ausgeschlossen. Alle Angebote sind unverbindlich. Die Autorin beh\u00e4lt es sich ausdr\u00fccklich vor, Teile der Seiten oder das gesamte Angebot ohne gesonderte Ank\u00fcndigung zu ver\u00e4ndern, zu erg\u00e4nzen, zu l\u00f6schen oder die Ver\u00f6ffentlichung zeitweise oder endg\u00fcltig einzustellen.<\/p>\n<p><strong>Haftung f\u00fcr Links<\/strong><\/p>\n<p>Verweise und Links auf Webseiten Dritter liegen ausserhalb unseres Verantwortungsbereichs Es wird jegliche Verantwortung f\u00fcr solche Webseiten abgelehnt. Der Zugriff und die Nutzung solcher Webseiten erfolgen auf eigene Gefahr des Nutzers oder der Nutzerin.<\/p>\n<p><strong>Urheberrechte<\/strong><\/p>\n<p>Die Urheber- und alle anderen Rechte an Inhalten, Bildern, Fotos oder anderen Dateien auf der Website geh\u00f6ren ausschliesslich der Firma Sunnenweg oder den speziell genannten Rechtsinhabern. F\u00fcr die Reproduktion jeglicher Elemente ist die schriftliche Zustimmung der Urheberrechtstr\u00e4ger im Voraus einzuholen.<\/p>\n<p>Quelle<\/p>\n<p>Dieses Impressum wurde am 7.03.2025 mit dem Impressum Generator erstellt.<\/p>\t\t\t\t\t\t\t\t<\/div>\n\t\t\t\t<\/div>\n\t\t\t\t\t<\/div>\n\t\t<\/div>\n\t\t\t\t\t<\/div>\n\t\t<\/section>\n\t\t\t\t<\/div>\n\t\t","protected":false},"excerpt":{"rendered":"<p>Impressum Kontaktadresse Gemeinschaftspraxis Hirschengraben Nadja B\u00f6sch Hirschengraben 1163003 LuzernSchweizinfo@sunnenstrahl.ch0797661888 Vertretungsberechtigte Personen Nadja B\u00f6sch, Inhaberin Haftungsausschluss Die Autorin \u00fcbernimmt keinerlei Gew\u00e4hr hinsichtlich der inhaltlichen Richtigkeit, Genauigkeit, Aktualit\u00e4t, Zuverl\u00e4ssigkeit und Vollst\u00e4ndigkeit der Informationen. Haftungsanspr\u00fcche gegen die Autorin wegen Sch\u00e4den materieller oder immaterieller Art, welche aus dem Zugriff oder der Nutzung bzw. Nichtnutzung [&hellip;]<\/p>\n","protected":false},"author":1,"featured_media":40,"parent":0,"menu_order":0,"comment_status":"closed","ping_status":"closed","template":"","meta":{"footnotes":""},"class_list":["post-2628","page","type-page","status-publish","has-post-thumbnail","hentry"],"yoast_head":"<!-- This site is optimized with the Yoast SEO plugin v27.5 - https:\/\/yoast.com\/product\/yoast-seo-wordpress\/ -->\n<title>Impressum - Familienstellen-Systemstellen-Luzern<\/title>\n<meta name=\"robots\" content=\"index, follow, max-snippet:-1, max-image-preview:large, max-video-preview:-1\" \/>\n<link rel=\"canonical\" href=\"https:\/\/familienstellen-systemstellen-luzern.ch\/index.php\/impressum\/\" \/>\n<meta property=\"og:locale\" content=\"de_DE\" \/>\n<meta property=\"og:type\" content=\"article\" \/>\n<meta property=\"og:title\" content=\"Impressum - Familienstellen-Systemstellen-Luzern\" \/>\n<meta property=\"og:description\" content=\"Impressum Kontaktadresse Gemeinschaftspraxis Hirschengraben Nadja B\u00f6sch Hirschengraben 1163003 LuzernSchweizinfo@sunnenstrahl.ch0797661888 Vertretungsberechtigte Personen Nadja B\u00f6sch, Inhaberin Haftungsausschluss Die Autorin \u00fcbernimmt keinerlei Gew\u00e4hr hinsichtlich der inhaltlichen Richtigkeit, Genauigkeit, Aktualit\u00e4t, Zuverl\u00e4ssigkeit und Vollst\u00e4ndigkeit der Informationen. Haftungsanspr\u00fcche gegen die Autorin wegen Sch\u00e4den materieller oder immaterieller Art, welche aus dem Zugriff oder der Nutzung bzw. Nichtnutzung [&hellip;]\" \/>\n<meta property=\"og:url\" content=\"https:\/\/familienstellen-systemstellen-luzern.ch\/index.php\/impressum\/\" \/>\n<meta property=\"og:site_name\" content=\"Familienstellen-Systemstellen-Luzern\" \/>\n<meta property=\"article:modified_time\" content=\"2025-03-12T08:15:37+00:00\" \/>\n<meta property=\"og:image\" content=\"https:\/\/familienstellen-systemstellen-luzern.ch\/wp-content\/uploads\/2021\/12\/Familienstellen-Individuell-Luzern.jpg\" \/>\n\t<meta property=\"og:image:width\" content=\"1300\" \/>\n\t<meta property=\"og:image:height\" content=\"734\" \/>\n\t<meta property=\"og:image:type\" content=\"image\/jpeg\" \/>\n<meta name=\"twitter:card\" content=\"summary_large_image\" \/>\n<meta name=\"twitter:label1\" content=\"Gesch\u00e4tzte Lesezeit\" \/>\n\t<meta name=\"twitter:data1\" content=\"1\u00a0Minute\" \/>\n<script type=\"application\/ld+json\" class=\"yoast-schema-graph\">{\"@context\":\"https:\\\/\\\/schema.org\",\"@graph\":[{\"@type\":\"WebPage\",\"@id\":\"https:\\\/\\\/familienstellen-systemstellen-luzern.ch\\\/index.php\\\/impressum\\\/\",\"url\":\"https:\\\/\\\/familienstellen-systemstellen-luzern.ch\\\/index.php\\\/impressum\\\/\",\"name\":\"Impressum - Familienstellen-Systemstellen-Luzern\",\"isPartOf\":{\"@id\":\"https:\\\/\\\/familienstellen-systemstellen-luzern.ch\\\/#website\"},\"primaryImageOfPage\":{\"@id\":\"https:\\\/\\\/familienstellen-systemstellen-luzern.ch\\\/index.php\\\/impressum\\\/#primaryimage\"},\"image\":{\"@id\":\"https:\\\/\\\/familienstellen-systemstellen-luzern.ch\\\/index.php\\\/impressum\\\/#primaryimage\"},\"thumbnailUrl\":\"https:\\\/\\\/familienstellen-systemstellen-luzern.ch\\\/wp-content\\\/uploads\\\/2021\\\/12\\\/Familienstellen-Individuell-Luzern.jpg\",\"datePublished\":\"2025-03-09T08:44:00+00:00\",\"dateModified\":\"2025-03-12T08:15:37+00:00\",\"breadcrumb\":{\"@id\":\"https:\\\/\\\/familienstellen-systemstellen-luzern.ch\\\/index.php\\\/impressum\\\/#breadcrumb\"},\"inLanguage\":\"de\",\"potentialAction\":[{\"@type\":\"ReadAction\",\"target\":[\"https:\\\/\\\/familienstellen-systemstellen-luzern.ch\\\/index.php\\\/impressum\\\/\"]}]},{\"@type\":\"ImageObject\",\"inLanguage\":\"de\",\"@id\":\"https:\\\/\\\/familienstellen-systemstellen-luzern.ch\\\/index.php\\\/impressum\\\/#primaryimage\",\"url\":\"https:\\\/\\\/familienstellen-systemstellen-luzern.ch\\\/wp-content\\\/uploads\\\/2021\\\/12\\\/Familienstellen-Individuell-Luzern.jpg\",\"contentUrl\":\"https:\\\/\\\/familienstellen-systemstellen-luzern.ch\\\/wp-content\\\/uploads\\\/2021\\\/12\\\/Familienstellen-Individuell-Luzern.jpg\",\"width\":1300,\"height\":734,\"caption\":\"Familienstellen und Systemstellen Sunnenweg, Luzern Schweiz.\"},{\"@type\":\"BreadcrumbList\",\"@id\":\"https:\\\/\\\/familienstellen-systemstellen-luzern.ch\\\/index.php\\\/impressum\\\/#breadcrumb\",\"itemListElement\":[{\"@type\":\"ListItem\",\"position\":1,\"name\":\"Startseite\",\"item\":\"https:\\\/\\\/familienstellen-systemstellen-luzern.ch\\\/\"},{\"@type\":\"ListItem\",\"position\":2,\"name\":\"Impressum\"}]},{\"@type\":\"WebSite\",\"@id\":\"https:\\\/\\\/familienstellen-systemstellen-luzern.ch\\\/#website\",\"url\":\"https:\\\/\\\/familienstellen-systemstellen-luzern.ch\\\/\",\"name\":\"Familienstellen-Systemstellen-Luzern\",\"description\":\"Deine pers\u00f6nliche Einzelsitzung und Gruppenaufstellung\",\"publisher\":{\"@id\":\"https:\\\/\\\/familienstellen-systemstellen-luzern.ch\\\/#organization\"},\"potentialAction\":[{\"@type\":\"SearchAction\",\"target\":{\"@type\":\"EntryPoint\",\"urlTemplate\":\"https:\\\/\\\/familienstellen-systemstellen-luzern.ch\\\/?s={search_term_string}\"},\"query-input\":{\"@type\":\"PropertyValueSpecification\",\"valueRequired\":true,\"valueName\":\"search_term_string\"}}],\"inLanguage\":\"de\"},{\"@type\":\"Organization\",\"@id\":\"https:\\\/\\\/familienstellen-systemstellen-luzern.ch\\\/#organization\",\"name\":\"Familienstellen-Systemstellen-Luzern\",\"url\":\"https:\\\/\\\/familienstellen-systemstellen-luzern.ch\\\/\",\"logo\":{\"@type\":\"ImageObject\",\"inLanguage\":\"de\",\"@id\":\"https:\\\/\\\/familienstellen-systemstellen-luzern.ch\\\/#\\\/schema\\\/logo\\\/image\\\/\",\"url\":\"https:\\\/\\\/familienstellen-systemstellen-luzern.ch\\\/wp-content\\\/uploads\\\/2021\\\/12\\\/Logo-Sunnenweg-Familienstellen.png\",\"contentUrl\":\"https:\\\/\\\/familienstellen-systemstellen-luzern.ch\\\/wp-content\\\/uploads\\\/2021\\\/12\\\/Logo-Sunnenweg-Familienstellen.png\",\"width\":400,\"height\":400,\"caption\":\"Familienstellen-Systemstellen-Luzern\"},\"image\":{\"@id\":\"https:\\\/\\\/familienstellen-systemstellen-luzern.ch\\\/#\\\/schema\\\/logo\\\/image\\\/\"}}]}<\/script>\n<!-- \/ Yoast SEO plugin. -->","yoast_head_json":{"title":"Impressum - Familienstellen-Systemstellen-Luzern","robots":{"index":"index","follow":"follow","max-snippet":"max-snippet:-1","max-image-preview":"max-image-preview:large","max-video-preview":"max-video-preview:-1"},"canonical":"https:\/\/familienstellen-systemstellen-luzern.ch\/index.php\/impressum\/","og_locale":"de_DE","og_type":"article","og_title":"Impressum - Familienstellen-Systemstellen-Luzern","og_description":"Impressum Kontaktadresse Gemeinschaftspraxis Hirschengraben Nadja B\u00f6sch Hirschengraben 1163003 LuzernSchweizinfo@sunnenstrahl.ch0797661888 Vertretungsberechtigte Personen Nadja B\u00f6sch, Inhaberin Haftungsausschluss Die Autorin \u00fcbernimmt keinerlei Gew\u00e4hr hinsichtlich der inhaltlichen Richtigkeit, Genauigkeit, Aktualit\u00e4t, Zuverl\u00e4ssigkeit und Vollst\u00e4ndigkeit der Informationen. Haftungsanspr\u00fcche gegen die Autorin wegen Sch\u00e4den materieller oder immaterieller Art, welche aus dem Zugriff oder der Nutzung bzw. Nichtnutzung [&hellip;]","og_url":"https:\/\/familienstellen-systemstellen-luzern.ch\/index.php\/impressum\/","og_site_name":"Familienstellen-Systemstellen-Luzern","article_modified_time":"2025-03-12T08:15:37+00:00","og_image":[{"width":1300,"height":734,"url":"https:\/\/familienstellen-systemstellen-luzern.ch\/wp-content\/uploads\/2021\/12\/Familienstellen-Individuell-Luzern.jpg","type":"image\/jpeg"}],"twitter_card":"summary_large_image","twitter_misc":{"Gesch\u00e4tzte Lesezeit":"1\u00a0Minute"},"schema":{"@context":"https:\/\/schema.org","@graph":[{"@type":"WebPage","@id":"https:\/\/familienstellen-systemstellen-luzern.ch\/index.php\/impressum\/","url":"https:\/\/familienstellen-systemstellen-luzern.ch\/index.php\/impressum\/","name":"Impressum - Familienstellen-Systemstellen-Luzern","isPartOf":{"@id":"https:\/\/familienstellen-systemstellen-luzern.ch\/#website"},"primaryImageOfPage":{"@id":"https:\/\/familienstellen-systemstellen-luzern.ch\/index.php\/impressum\/#primaryimage"},"image":{"@id":"https:\/\/familienstellen-systemstellen-luzern.ch\/index.php\/impressum\/#primaryimage"},"thumbnailUrl":"https:\/\/familienstellen-systemstellen-luzern.ch\/wp-content\/uploads\/2021\/12\/Familienstellen-Individuell-Luzern.jpg","datePublished":"2025-03-09T08:44:00+00:00","dateModified":"2025-03-12T08:15:37+00:00","breadcrumb":{"@id":"https:\/\/familienstellen-systemstellen-luzern.ch\/index.php\/impressum\/#breadcrumb"},"inLanguage":"de","potentialAction":[{"@type":"ReadAction","target":["https:\/\/familienstellen-systemstellen-luzern.ch\/index.php\/impressum\/"]}]},{"@type":"ImageObject","inLanguage":"de","@id":"https:\/\/familienstellen-systemstellen-luzern.ch\/index.php\/impressum\/#primaryimage","url":"https:\/\/familienstellen-systemstellen-luzern.ch\/wp-content\/uploads\/2021\/12\/Familienstellen-Individuell-Luzern.jpg","contentUrl":"https:\/\/familienstellen-systemstellen-luzern.ch\/wp-content\/uploads\/2021\/12\/Familienstellen-Individuell-Luzern.jpg","width":1300,"height":734,"caption":"Familienstellen und Systemstellen Sunnenweg, Luzern Schweiz."},{"@type":"BreadcrumbList","@id":"https:\/\/familienstellen-systemstellen-luzern.ch\/index.php\/impressum\/#breadcrumb","itemListElement":[{"@type":"ListItem","position":1,"name":"Startseite","item":"https:\/\/familienstellen-systemstellen-luzern.ch\/"},{"@type":"ListItem","position":2,"name":"Impressum"}]},{"@type":"WebSite","@id":"https:\/\/familienstellen-systemstellen-luzern.ch\/#website","url":"https:\/\/familienstellen-systemstellen-luzern.ch\/","name":"Familienstellen-Systemstellen-Luzern","description":"Deine pers\u00f6nliche Einzelsitzung und Gruppenaufstellung","publisher":{"@id":"https:\/\/familienstellen-systemstellen-luzern.ch\/#organization"},"potentialAction":[{"@type":"SearchAction","target":{"@type":"EntryPoint","urlTemplate":"https:\/\/familienstellen-systemstellen-luzern.ch\/?s={search_term_string}"},"query-input":{"@type":"PropertyValueSpecification","valueRequired":true,"valueName":"search_term_string"}}],"inLanguage":"de"},{"@type":"Organization","@id":"https:\/\/familienstellen-systemstellen-luzern.ch\/#organization","name":"Familienstellen-Systemstellen-Luzern","url":"https:\/\/familienstellen-systemstellen-luzern.ch\/","logo":{"@type":"ImageObject","inLanguage":"de","@id":"https:\/\/familienstellen-systemstellen-luzern.ch\/#\/schema\/logo\/image\/","url":"https:\/\/familienstellen-systemstellen-luzern.ch\/wp-content\/uploads\/2021\/12\/Logo-Sunnenweg-Familienstellen.png","contentUrl":"https:\/\/familienstellen-systemstellen-luzern.ch\/wp-content\/uploads\/2021\/12\/Logo-Sunnenweg-Familienstellen.png","width":400,"height":400,"caption":"Familienstellen-Systemstellen-Luzern"},"image":{"@id":"https:\/\/familienstellen-systemstellen-luzern.ch\/#\/schema\/logo\/image\/"}}]}},"_links":{"self":[{"href":"https:\/\/familienstellen-systemstellen-luzern.ch\/index.php\/wp-json\/wp\/v2\/pages\/2628","targetHints":{"allow":["GET"]}}],"collection":[{"href":"https:\/\/familienstellen-systemstellen-luzern.ch\/index.php\/wp-json\/wp\/v2\/pages"}],"about":[{"href":"https:\/\/familienstellen-systemstellen-luzern.ch\/index.php\/wp-json\/wp\/v2\/types\/page"}],"author":[{"embeddable":true,"href":"https:\/\/familienstellen-systemstellen-luzern.ch\/index.php\/wp-json\/wp\/v2\/users\/1"}],"replies":[{"embeddable":true,"href":"https:\/\/familienstellen-systemstellen-luzern.ch\/index.php\/wp-json\/wp\/v2\/comments?post=2628"}],"version-history":[{"count":0,"href":"https:\/\/familienstellen-systemstellen-luzern.ch\/index.php\/wp-json\/wp\/v2\/pages\/2628\/revisions"}],"wp:featuredmedia":[{"embeddable":true,"href":"https:\/\/familienstellen-systemstellen-luzern.ch\/index.php\/wp-json\/wp\/v2\/media\/40"}],"wp:attachment":[{"href":"https:\/\/familienstellen-systemstellen-luzern.ch\/index.php\/wp-json\/wp\/v2\/media?parent=2628"}],"curies":[{"name":"wp","href":"https:\/\/api.w.org\/{rel}","templated":true}]}}