{"id":3095,"date":"2026-02-21T18:56:12","date_gmt":"2026-02-21T18:56:12","guid":{"rendered":"https:\/\/familienstellen-systemstellen-luzern.ch\/?page_id=3095"},"modified":"2026-04-01T17:41:36","modified_gmt":"2026-04-01T17:41:36","slug":"systemische-aufstellung-fuer-selbststaendige","status":"publish","type":"page","link":"https:\/\/familienstellen-systemstellen-luzern.ch\/index.php\/systemische-aufstellung-fuer-selbststaendige\/","title":{"rendered":"Systemische Aufstellung f\u00fcr Selbstst\u00e4ndige"},"content":{"rendered":"\t\t<div data-elementor-type=\"wp-page\" data-elementor-id=\"3095\" class=\"elementor elementor-3095\">\n\t\t\t\t\t\t<section class=\"elementor-section elementor-top-section elementor-element elementor-element-03d919a elementor-section-full_width elementor-section-height-default elementor-section-height-default\" data-id=\"03d919a\" data-element_type=\"section\" data-e-type=\"section\" data-settings=\"{&quot;background_background&quot;:&quot;slideshow&quot;,&quot;background_slideshow_gallery&quot;:[{&quot;id&quot;:3098,&quot;url&quot;:&quot;https:\\\/\\\/familienstellen-systemstellen-luzern.ch\\\/wp-content\\\/uploads\\\/2026\\\/02\\\/Systemische-Aufstellung-fuer-Selbststaendige-Termin-buchen1-scaled.jpg&quot;}],&quot;background_slideshow_loop&quot;:&quot;yes&quot;,&quot;background_slideshow_slide_duration&quot;:5000,&quot;background_slideshow_slide_transition&quot;:&quot;fade&quot;,&quot;background_slideshow_transition_duration&quot;:500}\">\n\t\t\t\t\t\t<div class=\"elementor-container elementor-column-gap-default\">\n\t\t\t\t\t<div class=\"elementor-column elementor-col-100 elementor-top-column elementor-element elementor-element-ee7e5d9\" data-id=\"ee7e5d9\" data-element_type=\"column\" data-e-type=\"column\">\n\t\t\t<div class=\"elementor-widget-wrap\">\n\t\t\t\t\t\t\t<\/div>\n\t\t<\/div>\n\t\t\t\t\t<\/div>\n\t\t<\/section>\n\t\t\t\t<section class=\"elementor-section elementor-top-section elementor-element elementor-element-c3e8082 elementor-section-boxed elementor-section-height-default elementor-section-height-default\" data-id=\"c3e8082\" data-element_type=\"section\" data-e-type=\"section\" data-settings=\"{&quot;background_background&quot;:&quot;classic&quot;}\">\n\t\t\t\t\t\t\t<div class=\"elementor-background-overlay\"><\/div>\n\t\t\t\t\t\t\t<div class=\"elementor-container elementor-column-gap-default\">\n\t\t\t\t\t<div class=\"elementor-column elementor-col-100 elementor-top-column elementor-element elementor-element-a2a6dc3\" data-id=\"a2a6dc3\" data-element_type=\"column\" data-e-type=\"column\" data-settings=\"{&quot;background_background&quot;:&quot;classic&quot;}\">\n\t\t\t<div class=\"elementor-widget-wrap elementor-element-populated\">\n\t\t\t\t\t\t<div class=\"elementor-element elementor-element-659bdcd elementor-widget elementor-widget-heading\" data-id=\"659bdcd\" data-element_type=\"widget\" data-e-type=\"widget\" data-widget_type=\"heading.default\">\n\t\t\t\t<div class=\"elementor-widget-container\">\n\t\t\t\t\t<h2 class=\"elementor-heading-title elementor-size-default\">Systemische Aufstellung f\u00fcr Solo\u2011Unternehmer \u2013 Termin buchen<\/h2>\t\t\t\t<\/div>\n\t\t\t\t<\/div>\n\t\t\t\t<div class=\"elementor-element elementor-element-b14aa56 elementor-widget elementor-widget-heading\" data-id=\"b14aa56\" data-element_type=\"widget\" data-e-type=\"widget\" data-widget_type=\"heading.default\">\n\t\t\t\t<div class=\"elementor-widget-container\">\n\t\t\t\t\t<h2 class=\"elementor-heading-title elementor-size-default\">Klarheit. Entscheidung. Wachstum.<\/h2>\t\t\t\t<\/div>\n\t\t\t\t<\/div>\n\t\t\t\t\t<\/div>\n\t\t<\/div>\n\t\t\t\t\t<\/div>\n\t\t<\/section>\n\t\t\t\t<section class=\"elementor-section elementor-top-section elementor-element elementor-element-c614fbf elementor-section-boxed elementor-section-height-default elementor-section-height-default\" data-id=\"c614fbf\" data-element_type=\"section\" data-e-type=\"section\" data-settings=\"{&quot;background_background&quot;:&quot;classic&quot;}\">\n\t\t\t\t\t\t\t<div class=\"elementor-background-overlay\"><\/div>\n\t\t\t\t\t\t\t<div class=\"elementor-container elementor-column-gap-default\">\n\t\t\t\t\t<div class=\"elementor-column elementor-col-100 elementor-top-column elementor-element elementor-element-1088f7c\" data-id=\"1088f7c\" data-element_type=\"column\" data-e-type=\"column\" data-settings=\"{&quot;background_background&quot;:&quot;gradient&quot;}\">\n\t\t\t<div class=\"elementor-widget-wrap elementor-element-populated\">\n\t\t\t\t\t\t<div class=\"elementor-element elementor-element-d249280 elementor-widget elementor-widget-text-editor\" data-id=\"d249280\" data-element_type=\"widget\" data-e-type=\"widget\" data-widget_type=\"text-editor.default\">\n\t\t\t\t<div class=\"elementor-widget-container\">\n\t\t\t\t\t\t\t\t\t<p>Systemische Aufstellungen im 1:1\u2011Setting unterst\u00fctzen dich als <strong>Solo\u2011Unternehmer:in<\/strong> dabei, <strong>Klarheit zu gewinnen,<\/strong> <strong>Entscheidungen zu treffen die sich stimmig anf\u00fchlen<\/strong> und innere wie \u00e4ussere Wachstumsprozesse anzustossen f\u00fcr dich und dein Business.<strong> Buche<\/strong> hier deinen pers\u00f6nlichen <strong>Termin \u2013 online<\/strong> oder <strong>vor Ort.<\/strong><\/p>\t\t\t\t\t\t\t\t<\/div>\n\t\t\t\t<\/div>\n\t\t\t\t<div class=\"elementor-element elementor-element-c84ad00 elementor-widget elementor-widget-text-editor\" data-id=\"c84ad00\" data-element_type=\"widget\" data-e-type=\"widget\" data-widget_type=\"text-editor.default\">\n\t\t\t\t<div class=\"elementor-widget-container\">\n\t\t\t\t\t\t\t\t\t<p><span style=\"color: #0091c6; font-size: 1.1em; font-weight: bold;\"> Top Angebot zum fairen Preis \u2013 Deine nachhaltige Investition in dein Business und deine Zukunft! <\/span><\/p>\n<p>Praxis Luzern &amp; Online \u2013 <strong>Systemische&nbsp; Aufstellung,<\/strong> Einzelsitzung, 90 Min \u00e0 <strong>275.- CHF<\/strong><\/p>\t\t\t\t\t\t\t\t<\/div>\n\t\t\t\t<\/div>\n\t\t\t\t\t<\/div>\n\t\t<\/div>\n\t\t\t\t\t<\/div>\n\t\t<\/section>\n\t\t\t\t<section class=\"elementor-section elementor-top-section elementor-element elementor-element-6fe95d6 elementor-section-boxed elementor-section-height-default elementor-section-height-default\" data-id=\"6fe95d6\" data-element_type=\"section\" data-e-type=\"section\" data-settings=\"{&quot;background_background&quot;:&quot;classic&quot;}\">\n\t\t\t\t\t\t\t<div class=\"elementor-background-overlay\"><\/div>\n\t\t\t\t\t\t\t<div class=\"elementor-container elementor-column-gap-default\">\n\t\t\t\t\t<div class=\"elementor-column elementor-col-100 elementor-top-column elementor-element elementor-element-5f75c4b\" data-id=\"5f75c4b\" data-element_type=\"column\" data-e-type=\"column\">\n\t\t\t<div class=\"elementor-widget-wrap elementor-element-populated\">\n\t\t\t\t\t\t<div class=\"elementor-element elementor-element-406f4d8 elementor-widget elementor-widget-ssa-booking\" data-id=\"406f4d8\" data-element_type=\"widget\" data-e-type=\"widget\" data-widget_type=\"ssa-booking.default\">\n\t\t\t\t<div class=\"elementor-widget-container\">\n\t\t\t\t\t\t\t<div class=\"elementor-ssa-booking-wrapper\">\n\t\t\t<div >\n\t\t\t\t<div class=\"ssa-booking\">\n\t\t\t\t\t<iframe src=\"https:\/\/familienstellen-systemstellen-luzern.ch\/wp-json\/ssa\/v1\/embed-inner?integration&type&label&types&edit&view&payment_provider&ssa_locale=de_DE&ssa_is_rtl&sid=b89c089b57dec67a2c5d42682a9b62ad65cdaf60&availability_start_date&availability_end_date&suggest_first_available&suggest_first_available_within_minutes&flow&fallback_flow&time_view&date_view&appointment_types_view=cardColumns&version&accent_color&background&padding=px&font&booking_url=https%3A%2F%2Ffamilienstellen-systemstellen-luzern.ch%2Findex.php%2Fsystemische-aufstellung-fuer-selbststaendige%2F&booking_post_id=3095&booking_title=Systemische+Aufstellung+f%C3%BCr+Selbstst%C3%A4ndige&_wpnonce=6de7af0348&redirect_post_id&mepr_membership_id#\/\" height=\"400px\" width=\"100%\" name=\"ssa_booking\" loading=\"eager\" frameborder=\"0\" data-skip-lazy=\"1\" class=\"ssa_booking_iframe skip-lazy\" title=\"Buche eine Uhrzeit\"><\/iframe>\t\t\t\t<\/div>\n\t\t\t<\/div>\n\t\t<\/div>\n\t\t\t\t\t\t<\/div>\n\t\t\t\t<\/div>\n\t\t\t\t\t<\/div>\n\t\t<\/div>\n\t\t\t\t\t<\/div>\n\t\t<\/section>\n\t\t\t\t<section class=\"elementor-section elementor-top-section elementor-element elementor-element-7179ff6 elementor-section-boxed elementor-section-height-default elementor-section-height-default\" data-id=\"7179ff6\" data-element_type=\"section\" data-e-type=\"section\" data-settings=\"{&quot;background_background&quot;:&quot;classic&quot;}\">\n\t\t\t\t\t\t\t<div class=\"elementor-background-overlay\"><\/div>\n\t\t\t\t\t\t\t<div class=\"elementor-container elementor-column-gap-default\">\n\t\t\t\t\t<div class=\"elementor-column elementor-col-100 elementor-top-column elementor-element elementor-element-aebf4c7\" data-id=\"aebf4c7\" data-element_type=\"column\" data-e-type=\"column\" data-settings=\"{&quot;background_background&quot;:&quot;gradient&quot;}\">\n\t\t\t<div class=\"elementor-widget-wrap elementor-element-populated\">\n\t\t\t\t\t\t<section class=\"elementor-section elementor-inner-section elementor-element elementor-element-add1e50 elementor-section-boxed elementor-section-height-default elementor-section-height-default\" data-id=\"add1e50\" data-element_type=\"section\" data-e-type=\"section\">\n\t\t\t\t\t\t<div class=\"elementor-container elementor-column-gap-default\">\n\t\t\t\t\t<div class=\"elementor-column elementor-col-50 elementor-inner-column elementor-element elementor-element-265488d\" data-id=\"265488d\" data-element_type=\"column\" data-e-type=\"column\">\n\t\t\t<div class=\"elementor-widget-wrap elementor-element-populated\">\n\t\t\t\t\t\t<div class=\"elementor-element elementor-element-d196723 elementor-widget elementor-widget-heading\" data-id=\"d196723\" data-element_type=\"widget\" data-e-type=\"widget\" data-widget_type=\"heading.default\">\n\t\t\t\t<div class=\"elementor-widget-container\">\n\t\t\t\t\t<h2 class=\"elementor-heading-title elementor-size-default\">Was erwartet dich<\/h2>\t\t\t\t<\/div>\n\t\t\t\t<\/div>\n\t\t\t\t<div class=\"elementor-element elementor-element-1327de4 elementor-widget elementor-widget-text-editor\" data-id=\"1327de4\" data-element_type=\"widget\" data-e-type=\"widget\" data-widget_type=\"text-editor.default\">\n\t\t\t\t<div class=\"elementor-widget-container\">\n\t\t\t\t\t\t\t\t\t<ul><li><span><strong>Kl\u00e4rung<\/strong> von beruflichen Entscheidungen<\/span><\/li><li><span><strong>Sichtbar<\/strong> machen verdeckter Dynamiken<\/span><\/li><li><span><strong>St\u00e4rkung<\/strong> deiner Position als Unternehmer<\/span><\/li><li><span><strong>Aufl\u00f6sen<\/strong> innerer Blockaden<\/span><\/li><li><strong>Neue Perspektiven f\u00fcr Wachstum und Fokus<\/strong><\/li><\/ul>\t\t\t\t\t\t\t\t<\/div>\n\t\t\t\t<\/div>\n\t\t\t\t\t<\/div>\n\t\t<\/div>\n\t\t\t\t<div class=\"elementor-column elementor-col-50 elementor-inner-column elementor-element elementor-element-d06fadd\" data-id=\"d06fadd\" data-element_type=\"column\" data-e-type=\"column\">\n\t\t\t<div class=\"elementor-widget-wrap elementor-element-populated\">\n\t\t\t\t\t\t<div class=\"elementor-element elementor-element-611e0d3 elementor-widget elementor-widget-heading\" data-id=\"611e0d3\" data-element_type=\"widget\" data-e-type=\"widget\" data-widget_type=\"heading.default\">\n\t\t\t\t<div class=\"elementor-widget-container\">\n\t\t\t\t\t<h2 class=\"elementor-heading-title elementor-size-default\">Ablauf der 1:1 Sitzung<\/h2>\t\t\t\t<\/div>\n\t\t\t\t<\/div>\n\t\t\t\t<div class=\"elementor-element elementor-element-17b9d28 elementor-widget elementor-widget-text-editor\" data-id=\"17b9d28\" data-element_type=\"widget\" data-e-type=\"widget\" data-widget_type=\"text-editor.default\">\n\t\t\t\t<div class=\"elementor-widget-container\">\n\t\t\t\t\t\t\t\t\t<ul><li><span>Kurzes Vorgespr\u00e4ch<\/span><\/li><li><span>Systemische Aufstellung (1:1)<\/span><\/li><li><span>I<strong>ntegration &amp; n\u00e4chste Schritte<\/strong><\/span><\/li><li><span>Dauer: ca. 90 Minuten<\/span><\/li><\/ul>\t\t\t\t\t\t\t\t<\/div>\n\t\t\t\t<\/div>\n\t\t\t\t\t<\/div>\n\t\t<\/div>\n\t\t\t\t\t<\/div>\n\t\t<\/section>\n\t\t\t\t\t<\/div>\n\t\t<\/div>\n\t\t\t\t\t<\/div>\n\t\t<\/section>\n\t\t\t\t<section class=\"elementor-section elementor-top-section elementor-element elementor-element-c8538e5 elementor-section-boxed elementor-section-height-default elementor-section-height-default\" data-id=\"c8538e5\" data-element_type=\"section\" data-e-type=\"section\" data-settings=\"{&quot;background_background&quot;:&quot;classic&quot;}\">\n\t\t\t\t\t\t\t<div class=\"elementor-background-overlay\"><\/div>\n\t\t\t\t\t\t\t<div class=\"elementor-container elementor-column-gap-default\">\n\t\t\t\t\t<div class=\"elementor-column elementor-col-100 elementor-top-column elementor-element elementor-element-1c32a8a\" data-id=\"1c32a8a\" data-element_type=\"column\" data-e-type=\"column\" data-settings=\"{&quot;background_background&quot;:&quot;gradient&quot;}\">\n\t\t\t<div class=\"elementor-widget-wrap elementor-element-populated\">\n\t\t\t\t\t\t<section class=\"elementor-section elementor-inner-section elementor-element elementor-element-746d9db elementor-section-boxed elementor-section-height-default elementor-section-height-default\" data-id=\"746d9db\" data-element_type=\"section\" data-e-type=\"section\">\n\t\t\t\t\t\t<div class=\"elementor-container elementor-column-gap-default\">\n\t\t\t\t\t<div class=\"elementor-column elementor-col-50 elementor-inner-column elementor-element elementor-element-a8507b9\" data-id=\"a8507b9\" data-element_type=\"column\" data-e-type=\"column\">\n\t\t\t<div class=\"elementor-widget-wrap elementor-element-populated\">\n\t\t\t\t\t\t<div class=\"elementor-element elementor-element-0311e38 elementor-widget elementor-widget-heading\" data-id=\"0311e38\" data-element_type=\"widget\" data-e-type=\"widget\" data-widget_type=\"heading.default\">\n\t\t\t\t<div class=\"elementor-widget-container\">\n\t\t\t\t\t<h2 class=\"elementor-heading-title elementor-size-default\">F\u00fcr wen ist diese Arbeit geeignet<\/h2>\t\t\t\t<\/div>\n\t\t\t\t<\/div>\n\t\t\t\t<div class=\"elementor-element elementor-element-dde9585 elementor-widget elementor-widget-text-editor\" data-id=\"dde9585\" data-element_type=\"widget\" data-e-type=\"widget\" data-widget_type=\"text-editor.default\">\n\t\t\t\t<div class=\"elementor-widget-container\">\n\t\t\t\t\t\t\t\t\t<ul><li><span>Solo\u2011Unternehmer:inne, die <strong>vor wichtigen Entscheidungen<\/strong> stehen<\/span><\/li><li><span>Menschen, die <strong>Klarheit \u00fcber berufliche Rollen oder Ziele brauchen<\/strong><\/span><\/li><li><span><strong>Gr\u00fcnder:innen<\/strong>, die innere <strong>Blockaden l\u00f6sen<\/strong> m\u00f6chten<\/span><\/li><li><span>Selbstst\u00e4ndige, die ihr <strong>Business stabilisieren <\/strong>oder<strong> weiterentwickeln<\/strong> wollen<\/span><\/li><li style=\"list-style-type: none;\"><ul><\/ul><\/li><\/ul>\t\t\t\t\t\t\t\t<\/div>\n\t\t\t\t<\/div>\n\t\t\t\t\t<\/div>\n\t\t<\/div>\n\t\t\t\t<div class=\"elementor-column elementor-col-50 elementor-inner-column elementor-element elementor-element-d17ddbc\" data-id=\"d17ddbc\" data-element_type=\"column\" data-e-type=\"column\">\n\t\t\t<div class=\"elementor-widget-wrap elementor-element-populated\">\n\t\t\t\t\t\t<div class=\"elementor-element elementor-element-8d8ec8b elementor-widget elementor-widget-heading\" data-id=\"8d8ec8b\" data-element_type=\"widget\" data-e-type=\"widget\" data-widget_type=\"heading.default\">\n\t\t\t\t<div class=\"elementor-widget-container\">\n\t\t\t\t\t<h2 class=\"elementor-heading-title elementor-size-default\">FAQ<\/h2>\t\t\t\t<\/div>\n\t\t\t\t<\/div>\n\t\t\t\t<div class=\"elementor-element elementor-element-505f8f7 elementor-widget elementor-widget-text-editor\" data-id=\"505f8f7\" data-element_type=\"widget\" data-e-type=\"widget\" data-widget_type=\"text-editor.default\">\n\t\t\t\t<div class=\"elementor-widget-container\">\n\t\t\t\t\t\t\t\t\t<p><span><strong>Wie l\u00e4uft eine 1:1\u2011Aufstellung ab<\/strong> Wir arbeiten mit Symbol Figuren, inneren Bildern. Du brauchst keine Vorerfahrung.<\/span><\/p><p><span><strong>Diese Methode funktioniert online wie vor Ort sehr gut<\/strong>.<\/span><\/p><p><span><strong>Was brauche ich f\u00fcr eine Online\u2011Sitzung<\/strong> Einen sicheren, ruhigen Raum, und eine stabile Internetverbindung, idealerweise etwas Platz zum Bewegen.<\/span><\/p><p><span><strong>Kann ich den Termin verschieben<\/strong> Ja, bis 48 Stunden vorher.<\/span><\/p>\t\t\t\t\t\t\t\t<\/div>\n\t\t\t\t<\/div>\n\t\t\t\t\t<\/div>\n\t\t<\/div>\n\t\t\t\t\t<\/div>\n\t\t<\/section>\n\t\t\t\t\t<\/div>\n\t\t<\/div>\n\t\t\t\t\t<\/div>\n\t\t<\/section>\n\t\t\t\t<\/div>\n\t\t","protected":false},"excerpt":{"rendered":"<p>Systemische Aufstellung f\u00fcr Solo\u2011Unternehmer \u2013 Termin buchen Klarheit. Entscheidung. Wachstum. Systemische Aufstellungen im 1:1\u2011Setting unterst\u00fctzen dich als Solo\u2011Unternehmer:in dabei, Klarheit zu gewinnen, Entscheidungen zu treffen die sich stimmig anf\u00fchlen und innere wie \u00e4ussere Wachstumsprozesse anzustossen f\u00fcr dich und dein Business. Buche hier deinen pers\u00f6nlichen Termin \u2013 online oder vor Ort. [&hellip;]<\/p>\n","protected":false},"author":1,"featured_media":0,"parent":0,"menu_order":0,"comment_status":"closed","ping_status":"closed","template":"elementor_canvas","meta":{"footnotes":""},"class_list":["post-3095","page","type-page","status-publish","hentry"],"yoast_head":"<!-- This site is optimized with the Yoast SEO plugin v27.3 - https:\/\/yoast.com\/product\/yoast-seo-wordpress\/ -->\n<title>Systemische Aufstellung f\u00fcr Selbstst\u00e4ndige - Familienstellen-Systemstellen-Luzern<\/title>\n<meta name=\"description\" content=\"Systemische Aufstellung f\u00fcr Selbstst\u00e4ndige hilft dir, Klarheit zu gewinnen, Blockaden zu l\u00f6sen &amp; dein Business zu positionieren &amp; wachsen\" \/>\n<meta name=\"robots\" content=\"index, follow, max-snippet:-1, max-image-preview:large, max-video-preview:-1\" \/>\n<link rel=\"canonical\" href=\"https:\/\/familienstellen-systemstellen-luzern.ch\/index.php\/systemische-aufstellung-fuer-selbststaendige\/\" \/>\n<meta property=\"og:locale\" content=\"de_DE\" \/>\n<meta property=\"og:type\" content=\"article\" \/>\n<meta property=\"og:title\" content=\"Systemische Aufstellung f\u00fcr Selbstst\u00e4ndige - Familienstellen-Systemstellen-Luzern\" \/>\n<meta property=\"og:description\" content=\"Systemische Aufstellung f\u00fcr Selbstst\u00e4ndige hilft dir, Klarheit zu gewinnen, Blockaden zu l\u00f6sen &amp; dein Business zu positionieren &amp; wachsen\" \/>\n<meta property=\"og:url\" content=\"https:\/\/familienstellen-systemstellen-luzern.ch\/index.php\/systemische-aufstellung-fuer-selbststaendige\/\" \/>\n<meta property=\"og:site_name\" content=\"Familienstellen-Systemstellen-Luzern\" \/>\n<meta property=\"article:modified_time\" content=\"2026-04-01T17:41:36+00:00\" \/>\n<meta name=\"twitter:card\" content=\"summary_large_image\" \/>\n<meta name=\"twitter:label1\" content=\"Gesch\u00e4tzte Lesezeit\" \/>\n\t<meta name=\"twitter:data1\" content=\"1\u00a0Minute\" \/>\n<script type=\"application\/ld+json\" class=\"yoast-schema-graph\">{\"@context\":\"https:\\\/\\\/schema.org\",\"@graph\":[{\"@type\":\"WebPage\",\"@id\":\"https:\\\/\\\/familienstellen-systemstellen-luzern.ch\\\/index.php\\\/systemische-aufstellung-fuer-selbststaendige\\\/\",\"url\":\"https:\\\/\\\/familienstellen-systemstellen-luzern.ch\\\/index.php\\\/systemische-aufstellung-fuer-selbststaendige\\\/\",\"name\":\"Systemische Aufstellung f\u00fcr Selbstst\u00e4ndige - Familienstellen-Systemstellen-Luzern\",\"isPartOf\":{\"@id\":\"https:\\\/\\\/familienstellen-systemstellen-luzern.ch\\\/#website\"},\"datePublished\":\"2026-02-21T18:56:12+00:00\",\"dateModified\":\"2026-04-01T17:41:36+00:00\",\"description\":\"Systemische Aufstellung f\u00fcr Selbstst\u00e4ndige hilft dir, Klarheit zu gewinnen, Blockaden zu l\u00f6sen & dein Business zu positionieren & wachsen\",\"breadcrumb\":{\"@id\":\"https:\\\/\\\/familienstellen-systemstellen-luzern.ch\\\/index.php\\\/systemische-aufstellung-fuer-selbststaendige\\\/#breadcrumb\"},\"inLanguage\":\"de\",\"potentialAction\":[{\"@type\":\"ReadAction\",\"target\":[\"https:\\\/\\\/familienstellen-systemstellen-luzern.ch\\\/index.php\\\/systemische-aufstellung-fuer-selbststaendige\\\/\"]}]},{\"@type\":\"BreadcrumbList\",\"@id\":\"https:\\\/\\\/familienstellen-systemstellen-luzern.ch\\\/index.php\\\/systemische-aufstellung-fuer-selbststaendige\\\/#breadcrumb\",\"itemListElement\":[{\"@type\":\"ListItem\",\"position\":1,\"name\":\"Startseite\",\"item\":\"https:\\\/\\\/familienstellen-systemstellen-luzern.ch\\\/\"},{\"@type\":\"ListItem\",\"position\":2,\"name\":\"Systemische Aufstellung f\u00fcr Selbstst\u00e4ndige\"}]},{\"@type\":\"WebSite\",\"@id\":\"https:\\\/\\\/familienstellen-systemstellen-luzern.ch\\\/#website\",\"url\":\"https:\\\/\\\/familienstellen-systemstellen-luzern.ch\\\/\",\"name\":\"Familienstellen-Systemstellen-Luzern\",\"description\":\"Deine pers\u00f6nliche Einzelsitzung und Gruppenaufstellung\",\"publisher\":{\"@id\":\"https:\\\/\\\/familienstellen-systemstellen-luzern.ch\\\/#organization\"},\"potentialAction\":[{\"@type\":\"SearchAction\",\"target\":{\"@type\":\"EntryPoint\",\"urlTemplate\":\"https:\\\/\\\/familienstellen-systemstellen-luzern.ch\\\/?s={search_term_string}\"},\"query-input\":{\"@type\":\"PropertyValueSpecification\",\"valueRequired\":true,\"valueName\":\"search_term_string\"}}],\"inLanguage\":\"de\"},{\"@type\":\"Organization\",\"@id\":\"https:\\\/\\\/familienstellen-systemstellen-luzern.ch\\\/#organization\",\"name\":\"Familienstellen-Systemstellen-Luzern\",\"url\":\"https:\\\/\\\/familienstellen-systemstellen-luzern.ch\\\/\",\"logo\":{\"@type\":\"ImageObject\",\"inLanguage\":\"de\",\"@id\":\"https:\\\/\\\/familienstellen-systemstellen-luzern.ch\\\/#\\\/schema\\\/logo\\\/image\\\/\",\"url\":\"https:\\\/\\\/familienstellen-systemstellen-luzern.ch\\\/wp-content\\\/uploads\\\/2021\\\/12\\\/Logo-Sunnenweg-Familienstellen.png\",\"contentUrl\":\"https:\\\/\\\/familienstellen-systemstellen-luzern.ch\\\/wp-content\\\/uploads\\\/2021\\\/12\\\/Logo-Sunnenweg-Familienstellen.png\",\"width\":400,\"height\":400,\"caption\":\"Familienstellen-Systemstellen-Luzern\"},\"image\":{\"@id\":\"https:\\\/\\\/familienstellen-systemstellen-luzern.ch\\\/#\\\/schema\\\/logo\\\/image\\\/\"}}]}<\/script>\n<!-- \/ Yoast SEO plugin. -->","yoast_head_json":{"title":"Systemische Aufstellung f\u00fcr Selbstst\u00e4ndige - Familienstellen-Systemstellen-Luzern","description":"Systemische Aufstellung f\u00fcr Selbstst\u00e4ndige hilft dir, Klarheit zu gewinnen, Blockaden zu l\u00f6sen & dein Business zu positionieren & wachsen","robots":{"index":"index","follow":"follow","max-snippet":"max-snippet:-1","max-image-preview":"max-image-preview:large","max-video-preview":"max-video-preview:-1"},"canonical":"https:\/\/familienstellen-systemstellen-luzern.ch\/index.php\/systemische-aufstellung-fuer-selbststaendige\/","og_locale":"de_DE","og_type":"article","og_title":"Systemische Aufstellung f\u00fcr Selbstst\u00e4ndige - Familienstellen-Systemstellen-Luzern","og_description":"Systemische Aufstellung f\u00fcr Selbstst\u00e4ndige hilft dir, Klarheit zu gewinnen, Blockaden zu l\u00f6sen & dein Business zu positionieren & wachsen","og_url":"https:\/\/familienstellen-systemstellen-luzern.ch\/index.php\/systemische-aufstellung-fuer-selbststaendige\/","og_site_name":"Familienstellen-Systemstellen-Luzern","article_modified_time":"2026-04-01T17:41:36+00:00","twitter_card":"summary_large_image","twitter_misc":{"Gesch\u00e4tzte Lesezeit":"1\u00a0Minute"},"schema":{"@context":"https:\/\/schema.org","@graph":[{"@type":"WebPage","@id":"https:\/\/familienstellen-systemstellen-luzern.ch\/index.php\/systemische-aufstellung-fuer-selbststaendige\/","url":"https:\/\/familienstellen-systemstellen-luzern.ch\/index.php\/systemische-aufstellung-fuer-selbststaendige\/","name":"Systemische Aufstellung f\u00fcr Selbstst\u00e4ndige - Familienstellen-Systemstellen-Luzern","isPartOf":{"@id":"https:\/\/familienstellen-systemstellen-luzern.ch\/#website"},"datePublished":"2026-02-21T18:56:12+00:00","dateModified":"2026-04-01T17:41:36+00:00","description":"Systemische Aufstellung f\u00fcr Selbstst\u00e4ndige hilft dir, Klarheit zu gewinnen, Blockaden zu l\u00f6sen & dein Business zu positionieren & wachsen","breadcrumb":{"@id":"https:\/\/familienstellen-systemstellen-luzern.ch\/index.php\/systemische-aufstellung-fuer-selbststaendige\/#breadcrumb"},"inLanguage":"de","potentialAction":[{"@type":"ReadAction","target":["https:\/\/familienstellen-systemstellen-luzern.ch\/index.php\/systemische-aufstellung-fuer-selbststaendige\/"]}]},{"@type":"BreadcrumbList","@id":"https:\/\/familienstellen-systemstellen-luzern.ch\/index.php\/systemische-aufstellung-fuer-selbststaendige\/#breadcrumb","itemListElement":[{"@type":"ListItem","position":1,"name":"Startseite","item":"https:\/\/familienstellen-systemstellen-luzern.ch\/"},{"@type":"ListItem","position":2,"name":"Systemische Aufstellung f\u00fcr Selbstst\u00e4ndige"}]},{"@type":"WebSite","@id":"https:\/\/familienstellen-systemstellen-luzern.ch\/#website","url":"https:\/\/familienstellen-systemstellen-luzern.ch\/","name":"Familienstellen-Systemstellen-Luzern","description":"Deine pers\u00f6nliche Einzelsitzung und Gruppenaufstellung","publisher":{"@id":"https:\/\/familienstellen-systemstellen-luzern.ch\/#organization"},"potentialAction":[{"@type":"SearchAction","target":{"@type":"EntryPoint","urlTemplate":"https:\/\/familienstellen-systemstellen-luzern.ch\/?s={search_term_string}"},"query-input":{"@type":"PropertyValueSpecification","valueRequired":true,"valueName":"search_term_string"}}],"inLanguage":"de"},{"@type":"Organization","@id":"https:\/\/familienstellen-systemstellen-luzern.ch\/#organization","name":"Familienstellen-Systemstellen-Luzern","url":"https:\/\/familienstellen-systemstellen-luzern.ch\/","logo":{"@type":"ImageObject","inLanguage":"de","@id":"https:\/\/familienstellen-systemstellen-luzern.ch\/#\/schema\/logo\/image\/","url":"https:\/\/familienstellen-systemstellen-luzern.ch\/wp-content\/uploads\/2021\/12\/Logo-Sunnenweg-Familienstellen.png","contentUrl":"https:\/\/familienstellen-systemstellen-luzern.ch\/wp-content\/uploads\/2021\/12\/Logo-Sunnenweg-Familienstellen.png","width":400,"height":400,"caption":"Familienstellen-Systemstellen-Luzern"},"image":{"@id":"https:\/\/familienstellen-systemstellen-luzern.ch\/#\/schema\/logo\/image\/"}}]}},"_links":{"self":[{"href":"https:\/\/familienstellen-systemstellen-luzern.ch\/index.php\/wp-json\/wp\/v2\/pages\/3095","targetHints":{"allow":["GET"]}}],"collection":[{"href":"https:\/\/familienstellen-systemstellen-luzern.ch\/index.php\/wp-json\/wp\/v2\/pages"}],"about":[{"href":"https:\/\/familienstellen-systemstellen-luzern.ch\/index.php\/wp-json\/wp\/v2\/types\/page"}],"author":[{"embeddable":true,"href":"https:\/\/familienstellen-systemstellen-luzern.ch\/index.php\/wp-json\/wp\/v2\/users\/1"}],"replies":[{"embeddable":true,"href":"https:\/\/familienstellen-systemstellen-luzern.ch\/index.php\/wp-json\/wp\/v2\/comments?post=3095"}],"version-history":[{"count":103,"href":"https:\/\/familienstellen-systemstellen-luzern.ch\/index.php\/wp-json\/wp\/v2\/pages\/3095\/revisions"}],"predecessor-version":[{"id":3209,"href":"https:\/\/familienstellen-systemstellen-luzern.ch\/index.php\/wp-json\/wp\/v2\/pages\/3095\/revisions\/3209"}],"wp:attachment":[{"href":"https:\/\/familienstellen-systemstellen-luzern.ch\/index.php\/wp-json\/wp\/v2\/media?parent=3095"}],"curies":[{"name":"wp","href":"https:\/\/api.w.org\/{rel}","templated":true}]}}